{"id":7,"date":"2021-09-30T11:12:36","date_gmt":"2021-09-30T11:12:36","guid":{"rendered":"https:\/\/bds-group.es\/?page_id=7"},"modified":"2021-09-30T11:58:39","modified_gmt":"2021-09-30T11:58:39","slug":"inicio","status":"publish","type":"page","link":"https:\/\/bds-group.es\/","title":{"rendered":"Inicio"},"content":{"rendered":"<p>[et_pb_section fb_built=\u00bb1&#8243; fullwidth=\u00bbon\u00bb _builder_version=\u00bb4.10.8&#8243; _module_preset=\u00bbdefault\u00bb global_colors_info=\u00bb{}\u00bb][et_pb_fullwidth_slider _builder_version=\u00bb4.10.8&#8243; _module_preset=\u00bbdefault\u00bb global_colors_info=\u00bb{}\u00bb][et_pb_slide heading=\u00bbSOLUCIONES PARA LA INDUSTRIA ALIMENTARIA\u00bb use_bg_overlay=\u00bbon\u00bb bg_overlay_color=\u00bbrgba(0,17,66,0.57)\u00bb _builder_version=\u00bb4.10.8&#8243; _module_preset=\u00bbdefault\u00bb header_level=\u00bbh1&#8243; header_font=\u00bbABeeZee|700|||||||\u00bb background_color=\u00bb#0C71C3&#8243; background_enable_color=\u00bbon\u00bb background_image=\u00bbhttps:\/\/bds-group.es\/wp-content\/uploads\/2021\/09\/LLB2-RENDER-2-6-scaled.jpg\u00bb background_enable_image=\u00bbon\u00bb global_colors_info=\u00bb{}\u00bb sticky_transition=\u00bbon\u00bb]<\/p>\n<p class=\"font_8\"><span>Nos adaptamos a tus necesidades.Mejorando los procesos productivos con los que ya cuentas.<\/span><\/p>\n<p class=\"font_8\"><span><span class=\"wixGuard\">\u200b<\/span><\/span><\/p>\n<p>[\/et_pb_slide][\/et_pb_fullwidth_slider][\/et_pb_section][et_pb_section fb_built=\u00bb1&#8243; fullwidth=\u00bbon\u00bb _builder_version=\u00bb4.10.8&#8243; _module_preset=\u00bbdefault\u00bb global_colors_info=\u00bb{}\u00bb][et_pb_fullwidth_header title=\u00bbPonemos al servicio de las empresas m\u00e1s de 10 a\u00f1os de experiencia en el dise\u00f1o y desarrollo de maquinarias. \u00bb _builder_version=\u00bb4.10.8&#8243; _module_preset=\u00bbdefault\u00bb background_color=\u00bb#0C71C3&#8243; custom_padding=\u00bb||||false|false\u00bb custom_padding_tablet=\u00bb30px||30px||false|false\u00bb custom_padding_phone=\u00bb0px||0px||false|false\u00bb custom_padding_last_edited=\u00bbon|tablet\u00bb hover_enabled=\u00bb0&#8243; title_font_size_tablet=\u00bb23px\u00bb title_font_size_phone=\u00bb21px\u00bb title_font_size_last_edited=\u00bbon|tablet\u00bb global_colors_info=\u00bb{}\u00bb title_text=\u00bb1400&#215;200-stripe\u00bb background_image=\u00bbhttps:\/\/bds-group.es\/wp-content\/uploads\/2021\/09\/1400&#215;200-stripe.jpeg\u00bb sticky_enabled=\u00bb0&#8243;][\/et_pb_fullwidth_header][\/et_pb_section][et_pb_section fb_built=\u00bb1&#8243; _builder_version=\u00bb4.10.8&#8243; _module_preset=\u00bbdefault\u00bb hover_enabled=\u00bb0&#8243; global_colors_info=\u00bb{}\u00bb sticky_enabled=\u00bb0&#8243; background_color=\u00bb#f4f4f4&#8243;][et_pb_row _builder_version=\u00bb4.10.8&#8243; _module_preset=\u00bbdefault\u00bb global_colors_info=\u00bb{}\u00bb][et_pb_column type=\u00bb4_4&#8243; _builder_version=\u00bb4.10.8&#8243; _module_preset=\u00bbdefault\u00bb global_colors_info=\u00bb{}\u00bb][et_pb_text _builder_version=\u00bb4.10.8&#8243; _module_preset=\u00bbdefault\u00bb text_font_size=\u00bb20px\u00bb text_line_height=\u00bb0.2em\u00bb global_colors_info=\u00bb{}\u00bb]<\/p>\n<div style=\"display: flex; width: 390px;\">\n<div style=\"display: inline; width: 50px;\"><img loading=\"lazy\" decoding=\"async\" src=\"https:\/\/bds-group.es\/wp-content\/uploads\/2021\/09\/divider.png\" width=\"28\" height=\"41\" alt=\"\" class=\"wp-image-17 alignnone size-full\" \/><\/div>\n<div style=\"display: inline; padding-top: 7px;\">\n<p style=\"color: #aaaaaa;\">Que hacemos<\/p>\n<p style=\"font-weight: 900; color: black;\"><strong>NUESTROS SERVICIOS<\/strong><\/p>\n<\/div>\n<\/div>\n<p>[\/et_pb_text][\/et_pb_column][\/et_pb_row][et_pb_row column_structure=\u00bb1_3,1_3,1_3&#8243; _builder_version=\u00bb4.10.8&#8243; _module_preset=\u00bbdefault\u00bb global_colors_info=\u00bb{}\u00bb][et_pb_column type=\u00bb1_3&#8243; _builder_version=\u00bb4.10.8&#8243; _module_preset=\u00bbdefault\u00bb global_colors_info=\u00bb{}\u00bb][et_pb_cta title=\u00bbSOLUCIONES\u00bb _builder_version=\u00bb4.10.8&#8243; _module_preset=\u00bbdefault\u00bb header_font=\u00bbABeeZee|700|||||||\u00bb header_font_size=\u00bb29px\u00bb header_line_height=\u00bb1.3em\u00bb background_color=\u00bb#0C71C3&#8243; background_enable_image=\u00bboff\u00bb min_height=\u00bb300px\u00bb max_height=\u00bb300px\u00bb custom_padding=\u00bb70px||||false|false\u00bb animation_style=\u00bbfade\u00bb global_colors_info=\u00bb{}\u00bb]<\/p>\n<p><span>Nos adaptamos a tus necesidades.Mejorando los procesos productivos con los que ya cuentas.<\/span><\/p>\n<p>[\/et_pb_cta][et_pb_cta title=\u00bbAUTOMATIZACI\u00d3N\u00bb _builder_version=\u00bb4.10.8&#8243; _module_preset=\u00bbdefault\u00bb header_font=\u00bbABeeZee|700|||||||\u00bb header_font_size=\u00bb29px\u00bb header_line_height=\u00bb1.3em\u00bb background_color=\u00bb#0C71C3&#8243; min_height=\u00bb300px\u00bb max_height=\u00bb300px\u00bb custom_padding=\u00bb70px||||false|false\u00bb animation_style=\u00bbfade\u00bb global_colors_info=\u00bb{}\u00bb]<\/p>\n<p class=\"font_8\"><span>Optimizacion de instalaciones automaticas. <\/span><span><br \/>Ejecuci\u00f3n de Proyectos de Automatizaci\u00f3n.<\/span><\/p>\n<p>[\/et_pb_cta][\/et_pb_column][et_pb_column type=\u00bb1_3&#8243; _builder_version=\u00bb4.10.8&#8243; _module_preset=\u00bbdefault\u00bb global_colors_info=\u00bb{}\u00bb][et_pb_cta title=\u00bbENVASADO\u00bb _builder_version=\u00bb4.10.8&#8243; _module_preset=\u00bbdefault\u00bb header_font=\u00bbABeeZee|700|||||||\u00bb header_font_size=\u00bb29px\u00bb header_line_height=\u00bb1.3em\u00bb background_color=\u00bb#0C71C3&#8243; min_height=\u00bb300px\u00bb custom_padding=\u00bb70px||||false|false\u00bb animation_style=\u00bbfade\u00bb global_colors_info=\u00bb{}\u00bb]<\/p>\n<p><span>Asesoramiento t\u00e9cnico a nivel de maquinarias para la implantaci\u00f3n de nuevos proyectos en lineas de envasado<\/span><\/p>\n<p>[\/et_pb_cta][et_pb_cta title=\u00bbDISE\u00d1O\u00bb _builder_version=\u00bb4.10.8&#8243; _module_preset=\u00bbdefault\u00bb header_font=\u00bbABeeZee|700|||||||\u00bb header_font_size=\u00bb29px\u00bb header_line_height=\u00bb1.3em\u00bb background_color=\u00bb#0C71C3&#8243; min_height=\u00bb300px\u00bb custom_padding=\u00bb70px||||false|false\u00bb animation_style=\u00bbfade\u00bb global_colors_info=\u00bb{}\u00bb]<span>Damos forma a sus ideas.\u00a0<\/span><br \/><span>Estudiamos su \u00a0viabilidad y su rendimiento. Para su futura\u00a0construcci\u00f3n<\/span>[\/et_pb_cta][\/et_pb_column][et_pb_column type=\u00bb1_3&#8243; _builder_version=\u00bb4.10.8&#8243; _module_preset=\u00bbdefault\u00bb global_colors_info=\u00bb{}\u00bb][et_pb_cta title=\u00bbASISTENCIA T\u00c9CNICA Y MANTENIMIENTO\u00bb _builder_version=\u00bb4.10.8&#8243; _module_preset=\u00bbdefault\u00bb header_font=\u00bbABeeZee|700|||||||\u00bb header_font_size=\u00bb29px\u00bb header_line_height=\u00bb1.3em\u00bb background_color=\u00bb#0C71C3&#8243; max_height=\u00bb300px\u00bb animation_style=\u00bbfade\u00bb global_colors_info=\u00bb{}\u00bb]<\/p>\n<p><span>Somos especialista\u00a0en maquinarias de envasado,contamos con la formaci\u00f3n certificada\u00a0de las marcas lideres en el mercado.<\/span><\/p>\n<p>[\/et_pb_cta][et_pb_cta title=\u00bbCONSTRUCCI\u00d3N\u00bb _builder_version=\u00bb4.10.8&#8243; _module_preset=\u00bbdefault\u00bb header_font=\u00bbABeeZee|700|||||||\u00bb header_font_size=\u00bb29px\u00bb header_line_height=\u00bb1.3em\u00bb background_color=\u00bb#0C71C3&#8243; min_height=\u00bb300px\u00bb custom_padding=\u00bb70px||||false|false\u00bb animation_style=\u00bbfade\u00bb global_colors_info=\u00bb{}\u00bb]<\/p>\n<p><span>Contamos con la\u00a0colaboraci\u00f3n\u00a0de empresas lideres en fabricaci\u00f3n\u00a0de maquinas en la industria alimentaria.<\/span><\/p>\n<p>[\/et_pb_cta][\/et_pb_column][\/et_pb_row][\/et_pb_section][et_pb_section fb_built=\u00bb1&#8243; _builder_version=\u00bb4.10.8&#8243; _module_preset=\u00bbdefault\u00bb hover_enabled=\u00bb0&#8243; global_colors_info=\u00bb{}\u00bb sticky_enabled=\u00bb0&#8243; background_color=\u00bb#FFFFFF\u00bb][et_pb_row _builder_version=\u00bb4.10.8&#8243; _module_preset=\u00bbdefault\u00bb global_colors_info=\u00bb{}\u00bb][et_pb_column type=\u00bb4_4&#8243; _builder_version=\u00bb4.10.8&#8243; _module_preset=\u00bbdefault\u00bb global_colors_info=\u00bb{}\u00bb][et_pb_text _builder_version=\u00bb4.10.8&#8243; _module_preset=\u00bbdefault\u00bb text_font_size=\u00bb20px\u00bb text_line_height=\u00bb0.2em\u00bb hover_enabled=\u00bb0&#8243; global_colors_info=\u00bb{}\u00bb custom_padding=\u00bb||5px|||\u00bb sticky_enabled=\u00bb0&#8243;]<\/p>\n<div style=\"display: flex; width: 390px;\">\n<div style=\"display: inline; width: 50px;\"><img loading=\"lazy\" decoding=\"async\" src=\"https:\/\/bds-group.es\/wp-content\/uploads\/2021\/09\/divider.png\" width=\"28\" height=\"41\" alt=\"\" class=\"wp-image-17 alignnone size-full\" \/><\/div>\n<div style=\"display: inline; padding-top: 7px;\">\n<p style=\"color: #aaaaaa;\">Todo lo que necesitas<\/p>\n<p style=\"font-weight: 900; color: black;\"><strong>SERVICIOS Y SOLUCIONES<\/strong><\/p>\n<\/div>\n<\/div>\n<p>[\/et_pb_text][\/et_pb_column][\/et_pb_row][\/et_pb_section]<\/p>\n","protected":false},"excerpt":{"rendered":"<p>Nos adaptamos a tus necesidades.Mejorando los procesos productivos con los que ya cuentas. \u200b Que hacemos NUESTROS SERVICIOS Nos adaptamos a tus necesidades.Mejorando los procesos productivos con los que ya cuentas.Optimizacion de instalaciones automaticas. Ejecuci\u00f3n de Proyectos de Automatizaci\u00f3n.Asesoramiento t\u00e9cnico a nivel de maquinarias para la implantaci\u00f3n de nuevos proyectos en lineas de envasadoDamos forma [&hellip;]<\/p>\n","protected":false},"author":1,"featured_media":0,"parent":0,"menu_order":0,"comment_status":"closed","ping_status":"closed","template":"","meta":{"_et_pb_use_builder":"on","_et_pb_old_content":"","_et_gb_content_width":"","footnotes":""},"class_list":["post-7","page","type-page","status-publish","hentry"],"_links":{"self":[{"href":"https:\/\/bds-group.es\/index.php\/wp-json\/wp\/v2\/pages\/7","targetHints":{"allow":["GET"]}}],"collection":[{"href":"https:\/\/bds-group.es\/index.php\/wp-json\/wp\/v2\/pages"}],"about":[{"href":"https:\/\/bds-group.es\/index.php\/wp-json\/wp\/v2\/types\/page"}],"author":[{"embeddable":true,"href":"https:\/\/bds-group.es\/index.php\/wp-json\/wp\/v2\/users\/1"}],"replies":[{"embeddable":true,"href":"https:\/\/bds-group.es\/index.php\/wp-json\/wp\/v2\/comments?post=7"}],"version-history":[{"count":10,"href":"https:\/\/bds-group.es\/index.php\/wp-json\/wp\/v2\/pages\/7\/revisions"}],"predecessor-version":[{"id":30,"href":"https:\/\/bds-group.es\/index.php\/wp-json\/wp\/v2\/pages\/7\/revisions\/30"}],"wp:attachment":[{"href":"https:\/\/bds-group.es\/index.php\/wp-json\/wp\/v2\/media?parent=7"}],"curies":[{"name":"wp","href":"https:\/\/api.w.org\/{rel}","templated":true}]}}